{"id":92,"date":"2014-05-22T11:06:50","date_gmt":"2014-05-22T09:06:50","guid":{"rendered":"http:\/\/www.stadtkapelle-rain.de\/_preview\/?page_id=92"},"modified":"2023-04-17T09:18:39","modified_gmt":"2023-04-17T07:18:39","slug":"personen-2","status":"publish","type":"page","link":"https:\/\/www.stadtkapelle-rain.de\/_preview\/?page_id=92","title":{"rendered":"Verdiente Pers\u00f6nlichkeiten"},"content":{"rendered":"<p><strong><br \/>\nDirigenten der Jugendstadtkapelle Rain <\/strong><\/p>\n<table>\n<tbody>\n<tr>\n<td width=\"132\">1978 \u2013 1986<\/td>\n<td width=\"470\">Alfred Riedelsheimer (pl\u00f6tzlich verstorben am 9. November 1986)<\/td>\n<\/tr>\n<tr>\n<td width=\"132\">1986 \u20131990<\/td>\n<td width=\"470\">Theodor Finkel, Genderkingen<\/td>\n<\/tr>\n<\/tbody>\n<\/table>\n<table>\n<tbody>\n<tr>\n<td width=\"132\">2009-2020<\/td>\n<td width=\"470\">Luisa H\u00e4nsel, Oberndorf<\/td>\n<\/tr>\n<tr>\n<td width=\"132\">seit 2020<\/td>\n<td width=\"470\">Cathy Smith, Rain<\/td>\n<\/tr>\n<\/tbody>\n<\/table>\n<p><strong>Dirigenten der Stadtkapelle Rain e. V.<\/strong><\/p>\n<table style=\"height: 145px;\" width=\"620\">\n<tbody>\n<tr>\n<td width=\"132\">1990 \u2013 1992<\/td>\n<td width=\"470\">Theodor Finkel, Genderkingen<\/td>\n<\/tr>\n<tr>\n<td width=\"132\">1992 \u2013 1995<\/td>\n<td width=\"470\">Andreas Nagl, Eggelstetten, Rain<\/td>\n<\/tr>\n<tr>\n<td width=\"132\">1996<\/td>\n<td width=\"470\">Reiner Hauf, Lauingen<\/td>\n<\/tr>\n<tr>\n<td width=\"132\">Seit 1997<\/td>\n<td width=\"470\">Andreas Nagl, Rain, Dipl.-Musiklehrer<\/td>\n<\/tr>\n<tr>\n<td width=\"132\"><\/td>\n<td width=\"470\"><\/td>\n<\/tr>\n<\/tbody>\n<\/table>\n<p><strong>Dirigenten der Stadtkapelle<\/strong><\/p>\n<table>\n<tbody>\n<tr>\n<td width=\"132\">1925 \u2013 ?<\/td>\n<td width=\"470\">Otto Benkwitz aus Augsburg<\/td>\n<\/tr>\n<tr>\n<td width=\"132\">? \u2013 1928<\/td>\n<td width=\"470\">Georg P\u00f6ll, pensionierter Obermusikmeister (fr\u00fcher Milit\u00e4rmusikleiter in Neuburg)<\/td>\n<\/tr>\n<tr>\n<td width=\"132\">1928 \u2013 1953<\/td>\n<td width=\"470\">Georg Lindner, Rain<\/td>\n<\/tr>\n<tr>\n<td width=\"132\">1955 \u2013 1958<\/td>\n<td width=\"470\">Alfred Kratochwill (gestorben 3. August 1958)<\/td>\n<\/tr>\n<tr>\n<td width=\"132\">1958 \u2013 1959<\/td>\n<td width=\"470\">Michael Wagner (beruflich nach Karlsruhe verzogen)<\/td>\n<\/tr>\n<tr>\n<td width=\"132\">1959<\/td>\n<td width=\"470\">Karl Werner, Lauingen<\/td>\n<\/tr>\n<tr>\n<td width=\"132\">1960 \u2013 1969<\/td>\n<td width=\"470\">Josef Jakob, Rain<\/td>\n<\/tr>\n<tr>\n<td width=\"132\">1969 \u2013 1980<\/td>\n<td width=\"470\">Otto Hausner, Rain-Gempfing (Ehrenmitglied)<\/td>\n<\/tr>\n<tr>\n<td width=\"132\">1981 \u2013 1987<\/td>\n<td width=\"470\">Mathias Eisenbacher, Rain (Ehrenmitglied)<\/td>\n<\/tr>\n<tr>\n<td width=\"132\">1987 \u2013 1990<\/td>\n<td width=\"470\">Otto Hausner, Rain-Gempfing (Ehrenmitglied)<\/td>\n<\/tr>\n<\/tbody>\n<\/table>\n<p><strong>Vorst\u00e4nde <\/strong><\/p>\n<p>In fr\u00fcheren Zeiten war bei der Stadtkapelle oft der Dirigent zugleich Vorstand, teilweise wurde der Verein auch kollegial von mehreren Musikern geleitet. Der Verein war nicht in das Register eingetragen, so da\u00df dies ohne Weiteres m\u00f6glich war. Die Jugendstadtkapelle und dann ab 1990 die fusionierte \u201eStadtkapelle Rain e. V.\u201c hatten die \u00c4mter dagegen stets getrennt. Vorst\u00e4nde waren hier:<\/p>\n<table>\n<tbody>\n<tr>\n<td width=\"307\">1978 \u2013 1987<\/td>\n<td width=\"307\">Mathias Eisenbacher, Rain (Ehrenmitglied)<\/td>\n<\/tr>\n<tr>\n<td width=\"307\">1987 \u2013 2007<\/td>\n<td width=\"307\">Helmut Sladek, Genderkingen. F\u00fcr seine \u00fcber 20-j\u00e4hrige T\u00e4tigkeit wurde Helmut Sladek 2011 zum ersten und bisher einzigen Ehrenvorsitzenden der Stadtkapelle Rain ausgezeichnet.<img loading=\"lazy\" decoding=\"async\" class=\"alignnone wp-image-332 size-medium\" src=\"https:\/\/www.stadtkapelle-rain.de\/_preview\/wp-content\/uploads\/2014\/05\/5923Fr\u00fchjKonzStKRain2011-04-16-300x184.png\" alt=\"5923Fr\u00fchjKonzStKRain2011-04-16\" width=\"300\" height=\"184\" srcset=\"https:\/\/www.stadtkapelle-rain.de\/_preview\/wp-content\/uploads\/2014\/05\/5923Fr\u00fchjKonzStKRain2011-04-16-300x184.png 300w, https:\/\/www.stadtkapelle-rain.de\/_preview\/wp-content\/uploads\/2014\/05\/5923Fr\u00fchjKonzStKRain2011-04-16-1024x630.png 1024w, https:\/\/www.stadtkapelle-rain.de\/_preview\/wp-content\/uploads\/2014\/05\/5923Fr\u00fchjKonzStKRain2011-04-16-487x300.png 487w\" sizes=\"auto, (max-width: 300px) 100vw, 300px\" \/><\/td>\n<\/tr>\n<tr>\n<td width=\"307\">Seit 2007<\/td>\n<td width=\"307\">Christoph Heider, Rain<\/td>\n<\/tr>\n<\/tbody>\n<\/table>\n","protected":false},"excerpt":{"rendered":"<p>Dirigenten der Jugendstadtkapelle Rain 1978 \u2013 1986 Alfred Riedelsheimer (pl\u00f6tzlich verstorben am 9. November 1986) 1986 \u20131990 Theodor Finkel, Genderkingen 2009-2020 Luisa H\u00e4nsel, Oberndorf seit 2020 Cathy Smith, Rain Dirigenten der Stadtkapelle Rain e. V. 1990 \u2013 1992 Theodor Finkel, &hellip; <a href=\"https:\/\/www.stadtkapelle-rain.de\/_preview\/?page_id=92\">Weiterlesen <span class=\"meta-nav\">&rarr;<\/span><\/a><\/p>\n","protected":false},"author":1,"featured_media":0,"parent":67,"menu_order":1,"comment_status":"closed","ping_status":"closed","template":"","meta":{"footnotes":""},"class_list":["post-92","page","type-page","status-publish","hentry"],"_links":{"self":[{"href":"https:\/\/www.stadtkapelle-rain.de\/_preview\/index.php?rest_route=\/wp\/v2\/pages\/92","targetHints":{"allow":["GET"]}}],"collection":[{"href":"https:\/\/www.stadtkapelle-rain.de\/_preview\/index.php?rest_route=\/wp\/v2\/pages"}],"about":[{"href":"https:\/\/www.stadtkapelle-rain.de\/_preview\/index.php?rest_route=\/wp\/v2\/types\/page"}],"author":[{"embeddable":true,"href":"https:\/\/www.stadtkapelle-rain.de\/_preview\/index.php?rest_route=\/wp\/v2\/users\/1"}],"replies":[{"embeddable":true,"href":"https:\/\/www.stadtkapelle-rain.de\/_preview\/index.php?rest_route=%2Fwp%2Fv2%2Fcomments&post=92"}],"version-history":[{"count":20,"href":"https:\/\/www.stadtkapelle-rain.de\/_preview\/index.php?rest_route=\/wp\/v2\/pages\/92\/revisions"}],"predecessor-version":[{"id":1129,"href":"https:\/\/www.stadtkapelle-rain.de\/_preview\/index.php?rest_route=\/wp\/v2\/pages\/92\/revisions\/1129"}],"up":[{"embeddable":true,"href":"https:\/\/www.stadtkapelle-rain.de\/_preview\/index.php?rest_route=\/wp\/v2\/pages\/67"}],"wp:attachment":[{"href":"https:\/\/www.stadtkapelle-rain.de\/_preview\/index.php?rest_route=%2Fwp%2Fv2%2Fmedia&parent=92"}],"curies":[{"name":"wp","href":"https:\/\/api.w.org\/{rel}","templated":true}]}}