{"id":73,"date":"2014-05-22T10:39:18","date_gmt":"2014-05-22T08:39:18","guid":{"rendered":"http:\/\/www.stadtkapelle-rain.de\/_preview\/?page_id=73"},"modified":"2014-07-07T22:38:20","modified_gmt":"2014-07-07T20:38:20","slug":"promusikaplakette","status":"publish","type":"page","link":"https:\/\/www.stadtkapelle-rain.de\/_preview\/?page_id=73","title":{"rendered":"Pro Musika-Plakette"},"content":{"rendered":"<p style=\"text-align: justify;\">Die Verleihung der <strong>PRO MUSICA-Plakette<\/strong> durch Bundespr\u00e4sident Roman Herzog im Jahr 1997 ist ein H\u00f6hepunkt der j\u00fcngeren Vereinsgeschichte.<\/p>\n<p style=\"text-align: justify;\">Prof. Karl Kling, Pr\u00e4sident des Allg\u00e4u-Schw\u00e4bischen Musikbundes, \u00fcberreichte die Auszeichnung bei einem Festakt im gro\u00dfen Saal des Kath. Pfarrzentrums &#8222;St. Johannes der T\u00e4ufer&#8220; am 21. Juni 1997.<\/p>\n<p style=\"text-align: justify;\">Die PRO MUSICA-Plakette wurde im Jahre 1968 durch Bundespr\u00e4sident Heinrich L\u00fcbke als Auszeichnung f\u00fcr Vereinigungen von Musikliebhabern gestiftet, die sich in langj\u00e4hrigem Wirken besondere Verdienste um die Pflege des instrumentalen Musizierens und damit um die F\u00f6rderung kulturellen Lebens erworben haben. Die Plakette zeigt auf der Vorderseite eine Musizierende mit Lyra sowie die Inschrift PRO MUSICA F\u00dcR VERDIENSTE UM INSTRUMENTALES MUSIZIEREN; die R\u00fcckseite zeigt den Bundesadler.<\/p>\n<p style=\"text-align: justify;\">Die PRO MUSICA-Plakette wird fr\u00fchestens anl\u00e4sslich des 100-j\u00e4hrigen Bestehens einer Musikvereinigung auf deren Antrag durch den Bundespr\u00e4sidenten verliehen. Voraussetzung f\u00fcr die Verleihung ist der Nachweis, dass sich die Musikvereinigung in ernster und erfolgreicher musikalischer Arbeit der Pflege der instrumentalen Musik gewidmet und im Rahmen der \u00f6rtlich gegebenen Verh\u00e4ltnisse k\u00fcnstlerische oder volksbildende Verdienste erworben hat.<\/p>\n<p>\u00a0<a href=\"https:\/\/www.stadtkapelle-rain.de\/_preview\/wp-content\/uploads\/2014\/05\/ProMusica.jpg\"><img loading=\"lazy\" decoding=\"async\" class=\"alignnone size-full wp-image-380\" src=\"https:\/\/www.stadtkapelle-rain.de\/_preview\/wp-content\/uploads\/2014\/05\/ProMusica.jpg\" alt=\"ProMusica\" width=\"295\" height=\"292\" \/><\/a><\/p>\n","protected":false},"excerpt":{"rendered":"<p>Die Verleihung der PRO MUSICA-Plakette durch Bundespr\u00e4sident Roman Herzog im Jahr 1997 ist ein H\u00f6hepunkt der j\u00fcngeren Vereinsgeschichte. Prof. Karl Kling, Pr\u00e4sident des Allg\u00e4u-Schw\u00e4bischen Musikbundes, \u00fcberreichte die Auszeichnung bei einem Festakt im gro\u00dfen Saal des Kath. Pfarrzentrums &#8222;St. Johannes der &hellip; <a href=\"https:\/\/www.stadtkapelle-rain.de\/_preview\/?page_id=73\">Weiterlesen <span class=\"meta-nav\">&rarr;<\/span><\/a><\/p>\n","protected":false},"author":1,"featured_media":0,"parent":67,"menu_order":2,"comment_status":"closed","ping_status":"closed","template":"","meta":{"footnotes":""},"class_list":["post-73","page","type-page","status-publish","hentry"],"_links":{"self":[{"href":"https:\/\/www.stadtkapelle-rain.de\/_preview\/index.php?rest_route=\/wp\/v2\/pages\/73","targetHints":{"allow":["GET"]}}],"collection":[{"href":"https:\/\/www.stadtkapelle-rain.de\/_preview\/index.php?rest_route=\/wp\/v2\/pages"}],"about":[{"href":"https:\/\/www.stadtkapelle-rain.de\/_preview\/index.php?rest_route=\/wp\/v2\/types\/page"}],"author":[{"embeddable":true,"href":"https:\/\/www.stadtkapelle-rain.de\/_preview\/index.php?rest_route=\/wp\/v2\/users\/1"}],"replies":[{"embeddable":true,"href":"https:\/\/www.stadtkapelle-rain.de\/_preview\/index.php?rest_route=%2Fwp%2Fv2%2Fcomments&post=73"}],"version-history":[{"count":7,"href":"https:\/\/www.stadtkapelle-rain.de\/_preview\/index.php?rest_route=\/wp\/v2\/pages\/73\/revisions"}],"predecessor-version":[{"id":381,"href":"https:\/\/www.stadtkapelle-rain.de\/_preview\/index.php?rest_route=\/wp\/v2\/pages\/73\/revisions\/381"}],"up":[{"embeddable":true,"href":"https:\/\/www.stadtkapelle-rain.de\/_preview\/index.php?rest_route=\/wp\/v2\/pages\/67"}],"wp:attachment":[{"href":"https:\/\/www.stadtkapelle-rain.de\/_preview\/index.php?rest_route=%2Fwp%2Fv2%2Fmedia&parent=73"}],"curies":[{"name":"wp","href":"https:\/\/api.w.org\/{rel}","templated":true}]}}