{"id":48,"date":"2014-05-22T10:16:57","date_gmt":"2014-05-22T08:16:57","guid":{"rendered":"http:\/\/www.stadtkapelle-rain.de\/_preview\/?page_id=48"},"modified":"2022-06-28T18:40:52","modified_gmt":"2022-06-28T16:40:52","slug":"dirigent-vorstufe","status":"publish","type":"page","link":"https:\/\/www.stadtkapelle-rain.de\/_preview\/?page_id=48","title":{"rendered":"Dirigentin Vorstufenensemble"},"content":{"rendered":"<p><a href=\"https:\/\/www.stadtkapelle-rain.de\/_preview\/wp-content\/uploads\/2022\/06\/IMG_2129.jpg\"><img loading=\"lazy\" decoding=\"async\" class=\"size-medium wp-image-1044 aligncenter\" src=\"https:\/\/www.stadtkapelle-rain.de\/_preview\/wp-content\/uploads\/2022\/06\/IMG_2129-162x300.jpg\" alt=\"\" width=\"162\" height=\"300\" srcset=\"https:\/\/www.stadtkapelle-rain.de\/_preview\/wp-content\/uploads\/2022\/06\/IMG_2129-162x300.jpg 162w, https:\/\/www.stadtkapelle-rain.de\/_preview\/wp-content\/uploads\/2022\/06\/IMG_2129-552x1024.jpg 552w, https:\/\/www.stadtkapelle-rain.de\/_preview\/wp-content\/uploads\/2022\/06\/IMG_2129-768x1424.jpg 768w, https:\/\/www.stadtkapelle-rain.de\/_preview\/wp-content\/uploads\/2022\/06\/IMG_2129.jpg 779w\" sizes=\"auto, (max-width: 162px) 100vw, 162px\" \/><\/a><\/p>\n<p>Cathy Smith, geboren 1985, begann im Alter von 6 Jahren ihre musikalische Ausbildung mit dem Klavier.<br \/>\nMit 14 Jahren fand sie \u00fcber einen kurzen Umweg an der Oboe ihren Weg zur Fl\u00f6te, mit der sie dann 2005 ihr Musikstudium an der Musikhochschule N\u00fcrnberg begann.<br \/>\nDort bekam sie Unterricht von Marcos Fregnani, Prof. Peter Thalheimer und Gudrun B\u00e4hr und schloss ihr Studium 2009 mit Diplom ab.<\/p>\n<p>Seitdem unterrichtet sie an verschiedenen Musikschulen Fl\u00f6te und Blockfl\u00f6te und ist dort auch zust\u00e4ndig f\u00fcr Korrepetition. Zudem ist sie gern gesehener Gast f\u00fcr Registerproben an<br \/>\nverschiedenen Orchestern und au\u00dferdem als S\u00e4ngerin t\u00e4tig.<\/p>\n","protected":false},"excerpt":{"rendered":"<p>Cathy Smith, geboren 1985, begann im Alter von 6 Jahren ihre musikalische Ausbildung mit dem Klavier. Mit 14 Jahren fand sie \u00fcber einen kurzen Umweg an der Oboe ihren Weg zur Fl\u00f6te, mit der sie dann 2005 ihr Musikstudium an &hellip; <a href=\"https:\/\/www.stadtkapelle-rain.de\/_preview\/?page_id=48\">Weiterlesen <span class=\"meta-nav\">&rarr;<\/span><\/a><\/p>\n","protected":false},"author":1,"featured_media":0,"parent":41,"menu_order":3,"comment_status":"closed","ping_status":"closed","template":"","meta":{"footnotes":""},"class_list":["post-48","page","type-page","status-publish","hentry"],"_links":{"self":[{"href":"https:\/\/www.stadtkapelle-rain.de\/_preview\/index.php?rest_route=\/wp\/v2\/pages\/48","targetHints":{"allow":["GET"]}}],"collection":[{"href":"https:\/\/www.stadtkapelle-rain.de\/_preview\/index.php?rest_route=\/wp\/v2\/pages"}],"about":[{"href":"https:\/\/www.stadtkapelle-rain.de\/_preview\/index.php?rest_route=\/wp\/v2\/types\/page"}],"author":[{"embeddable":true,"href":"https:\/\/www.stadtkapelle-rain.de\/_preview\/index.php?rest_route=\/wp\/v2\/users\/1"}],"replies":[{"embeddable":true,"href":"https:\/\/www.stadtkapelle-rain.de\/_preview\/index.php?rest_route=%2Fwp%2Fv2%2Fcomments&post=48"}],"version-history":[{"count":20,"href":"https:\/\/www.stadtkapelle-rain.de\/_preview\/index.php?rest_route=\/wp\/v2\/pages\/48\/revisions"}],"predecessor-version":[{"id":1047,"href":"https:\/\/www.stadtkapelle-rain.de\/_preview\/index.php?rest_route=\/wp\/v2\/pages\/48\/revisions\/1047"}],"up":[{"embeddable":true,"href":"https:\/\/www.stadtkapelle-rain.de\/_preview\/index.php?rest_route=\/wp\/v2\/pages\/41"}],"wp:attachment":[{"href":"https:\/\/www.stadtkapelle-rain.de\/_preview\/index.php?rest_route=%2Fwp%2Fv2%2Fmedia&parent=48"}],"curies":[{"name":"wp","href":"https:\/\/api.w.org\/{rel}","templated":true}]}}