{"id":41,"date":"2014-05-22T10:13:01","date_gmt":"2014-05-22T08:13:01","guid":{"rendered":"http:\/\/www.stadtkapelle-rain.de\/_preview\/?page_id=41"},"modified":"2014-07-07T21:50:04","modified_gmt":"2014-07-07T19:50:04","slug":"orchester","status":"publish","type":"page","link":"https:\/\/www.stadtkapelle-rain.de\/_preview\/?page_id=41","title":{"rendered":"Orchester"},"content":{"rendered":"<p>Das <strong>Gro\u00dfe Blasorchester<\/strong> der Stadtkapelle widmet sich prim\u00e4r Originalkompositionen f\u00fcr Sinfonisches Blasorchester. Darunter sind vor allem Werke von Alfred Reed, Johan de Meij,\u00a0 Jan van der Roost und Franco Cesarini.<br \/>\nDes weiteren werden Film- und Musicalarrangements, aber auch Bearbeitungen klassischer Werke gespielt.<\/p>\n<p>Der musikalische H\u00f6hepunkt des Jahres ist das Fr\u00fchjahrskonzert.<br \/>\nDazu gibt es j\u00e4hrlich ein Kirchenkonzert im Advent, eine Serenade oder 2014 erstmals eine Matinee unter freiem Hilmmel.<\/p>\n<p>Nach gro\u00dfen Anstrengungen in den vergangenen Jahren ist es nun gelungen, sogeannte Mangelinstrumente wie Oboe, Fagott und Waldhorn entsprechend der Literatur eines Gro\u00dfen Blasorchesters vollst\u00e4ndig zu besetzen.<\/p>\n<p>Dar\u00fcber hinaus wird bei der Stadtkapelle auch die traditionelle Blasmusik in einer <strong>Egerl\u00e4nder-Besetzung<\/strong> gepflegt. So bekommt man die Stadtkapelle Rain auf Festen und bei Umz\u00fcgen zu sehen und zu h\u00f6ren.<\/p>\n<p><strong>Probe:<\/strong><br \/>\nFreitag 19:30 &#8211; 22:00 Uhr<br \/>\nProberaum Treffpunkt Bayertor<br \/>\nHauptstra\u00dfe 1, 86641 Rain am Lech<\/p>\n<p>Das <strong>Vorstufenensemble<\/strong> bildet die Vorstufe zum Hauptorchester. Junge Musiker spielen hier schon gehobene Arrangements.<br \/>\nDie erlernten St\u00fccke werden bei regelm\u00e4\u00dfigen Auftritten wie den Kirchenkonzerten, im Rahmen einer Matinee oder der Sommerserenaden zum Besten gegeben.<\/p>\n<p><strong>Probe:<\/strong><br \/>\nFreitag 17:00 &#8211; 18:00 Uhr<br \/>\nProberaum Treffpunkt Bayertor<br \/>\nHauptstra\u00dfe 1, 86641 Rain am Lech<\/p>\n","protected":false},"excerpt":{"rendered":"<p>Das Gro\u00dfe Blasorchester der Stadtkapelle widmet sich prim\u00e4r Originalkompositionen f\u00fcr Sinfonisches Blasorchester. Darunter sind vor allem Werke von Alfred Reed, Johan de Meij,\u00a0 Jan van der Roost und Franco Cesarini. Des weiteren werden Film- und Musicalarrangements, aber auch Bearbeitungen klassischer &hellip; <a href=\"https:\/\/www.stadtkapelle-rain.de\/_preview\/?page_id=41\">Weiterlesen <span class=\"meta-nav\">&rarr;<\/span><\/a><\/p>\n","protected":false},"author":1,"featured_media":0,"parent":0,"menu_order":3,"comment_status":"closed","ping_status":"closed","template":"","meta":{"footnotes":""},"class_list":["post-41","page","type-page","status-publish","hentry"],"_links":{"self":[{"href":"https:\/\/www.stadtkapelle-rain.de\/_preview\/index.php?rest_route=\/wp\/v2\/pages\/41","targetHints":{"allow":["GET"]}}],"collection":[{"href":"https:\/\/www.stadtkapelle-rain.de\/_preview\/index.php?rest_route=\/wp\/v2\/pages"}],"about":[{"href":"https:\/\/www.stadtkapelle-rain.de\/_preview\/index.php?rest_route=\/wp\/v2\/types\/page"}],"author":[{"embeddable":true,"href":"https:\/\/www.stadtkapelle-rain.de\/_preview\/index.php?rest_route=\/wp\/v2\/users\/1"}],"replies":[{"embeddable":true,"href":"https:\/\/www.stadtkapelle-rain.de\/_preview\/index.php?rest_route=%2Fwp%2Fv2%2Fcomments&post=41"}],"version-history":[{"count":7,"href":"https:\/\/www.stadtkapelle-rain.de\/_preview\/index.php?rest_route=\/wp\/v2\/pages\/41\/revisions"}],"predecessor-version":[{"id":209,"href":"https:\/\/www.stadtkapelle-rain.de\/_preview\/index.php?rest_route=\/wp\/v2\/pages\/41\/revisions\/209"}],"wp:attachment":[{"href":"https:\/\/www.stadtkapelle-rain.de\/_preview\/index.php?rest_route=%2Fwp%2Fv2%2Fmedia&parent=41"}],"curies":[{"name":"wp","href":"https:\/\/api.w.org\/{rel}","templated":true}]}}